{"id":1779,"date":"2024-05-06T16:46:35","date_gmt":"2024-05-06T14:46:35","guid":{"rendered":"https:\/\/alpsolutions.ch\/imprint\/"},"modified":"2024-06-28T13:13:07","modified_gmt":"2024-06-28T11:13:07","slug":"imprint","status":"publish","type":"page","link":"https:\/\/inl-re.com\/en\/imprint\/","title":{"rendered":"Imprint"},"content":{"rendered":"\t\t<div data-elementor-type=\"wp-page\" data-elementor-id=\"1779\" class=\"elementor elementor-1779 elementor-279\" data-elementor-post-type=\"page\">\n\t\t\t\t<div class=\"elementor-element elementor-element-eebc5c0 e-con-full e-flex e-con e-parent\" data-id=\"eebc5c0\" data-element_type=\"container\" data-settings=\"{&quot;background_background&quot;:&quot;classic&quot;}\">\n\t\t\t\t<div class=\"elementor-element elementor-element-c9dc91a elementor-widget elementor-widget-heading\" data-id=\"c9dc91a\" data-element_type=\"widget\" data-widget_type=\"heading.default\">\n\t\t\t\t<div class=\"elementor-widget-container\">\n\t\t\t\t\t<h2 class=\"elementor-heading-title elementor-size-default\">Imprint<\/h2>\t\t\t\t<\/div>\n\t\t\t\t<\/div>\n\t\t\t\t<div class=\"elementor-element elementor-element-2c155e1 elementor-widget elementor-widget-text-editor\" data-id=\"2c155e1\" data-element_type=\"widget\" data-widget_type=\"text-editor.default\">\n\t\t\t\t<div class=\"elementor-widget-container\">\n\t\t\t\t\t\t\t\t\t<div class=\"page\" title=\"Page 1\">\n<div class=\"layoutArea\">\n<div class=\"column\">\n<p>Information about the service provider.<\/p>\n<p>Alp Solutions GmbH<\/p>\n<p>Hauptstrasse 11, 4702 Oensingen, Switzerland<\/p>\n<p>Phone: +41 62 555 56 80<br \/>E-mail: info@oen.alpsolutions.ch<\/p>\n<p>VAT number: CHE-411.776.584 Managing Director: Mr. Patrick Marti<\/p>\n<p>Contact:<\/p>\n<p>Mr. Patrick Marti<\/p>\n<p>GTC<br \/>Link: https:\/\/inl-re.com\/agb<\/p>\n<p>Universal arbitration board<\/p>\n<p>We participate in dispute resolution proceedings before a consumer arbitration board. The competent body is the Universalschlichtungsstelle des Bundes, Zentrums f\u00fcr Schlichtung e.V., located at Stra\u00dfburger Stra\u00dfe 8, 77694 Kehl am Rhein (https:\/\/www.verbraucher- schlichter.de).<\/p>\n<p>EU dispute resolution<\/p>\n<p>In accordance with the Regulation on Online Dispute Resolution in Consumer Matters (ODR Regulation), we would like to inform you about the online dispute resolution platform (OS platform). Consumers have the option of submitting complaints to the European Commission&#8217;s online dispute resolution platform at https:\/\/ec.europa.eu\/consumers\/odr\/main\/index.cfm?event=main.home2.show&amp;lng=DE. You will find the necessary contact details above in our legal notice.<\/p>\n<p>However, we would like to point out that we are not willing or obliged to participate in dispute resolution proceedings before a consumer arbitration board.<\/p>\n<\/div>\n<\/div>\n<\/div>\n<div class=\"page\" title=\"Page 2\">\n<div class=\"layoutArea\">\n<div class=\"column\">\n<p>Liability for the content of this website<\/p>\n<p>We are constantly developing the content of this website and endeavor to provide correct and up-to-date information. Unfortunately, we cannot accept any liability for the correctness of all content on this website, especially for that provided by third parties. As a service provider, we are not obliged to monitor the information transmitted or stored by you or to investigate circumstances that indicate illegal activity.<\/p>\n<p>Our obligations to remove information or to block the use of information in accordance with the general laws due to judicial or official orders remain unaffected even in the case of our non-responsibility.<\/p>\n<p>If you notice any problematic or illegal content, please contact us immediately so that we can remove the illegal content. You will find the contact details in the imprint.<\/p>\n<p>Liability for links on this website<\/p>\n<p>Our website contains links to other websites for whose content we are not responsible. We are not liable for linked websites, as we had and have no knowledge of unlawful activities, we have not noticed any such unlawful activities and we would remove links immediately if we became aware of any unlawful activities.<\/p>\n<p>If you notice any illegal links on our website, please contact us. You will find the contact details in the imprint.<\/p>\n<p>Copyright notice<\/p>\n<\/div>\n<p>Copyright of images &amp; graphics used on this website:<\/p>\n<p>Icons used &#8211;&gt; \u00a9 <a href=\"https:\/\/getbootstrap.com\/\">Bootstrap.com<\/a><\/p>\n<p>Image rights:<\/p>\n<ul>\n<li>\u00a9 unsplash.com &#8211; Krisztian Tabori<\/li>\n<li>\u00a9 unsplash.com &#8211; Dipesh Shrestha<\/li>\n<li>\u00a9 unsplash.com &#8211; Steven Binotto<\/li>\n<li>\u00a9 unsplash.com &#8211; krakenimages<\/li>\n<li>\u00a9 unsplash.com &#8211; charlesdeluvio<\/li>\n<li>\u00a9 unsplash.com &#8211; Scott Graham<\/li>\n<\/ul>\n<div class=\"column\">\n<p>All contents of this website (images, photos, texts, videos) are subject to copyright. Please ask us before you distribute, reproduce or utilize the contents of this website, such as republishing them on other websites. If necessary, we will legally prosecute the unauthorized use of parts of the content of our site.<\/p>\n<p>If you find any content on this website that violates copyright law, please contact us.<\/p>\n<p>All texts are protected by copyright.<br \/>Source: Created with the Imprint Generator Germany by AdSimple<\/p>\n<\/div>\n<\/div>\n<\/div>\n\t\t\t\t\t\t\t\t<\/div>\n\t\t\t\t<\/div>\n\t\t\t\t<\/div>\n\t\t\t\t<\/div>\n\t\t","protected":false},"excerpt":{"rendered":"<p>Imprint Information about the service provider. Alp Solutions GmbH Hauptstrasse 11, 4702 Oensingen, Switzerland Phone: +41 62 555 56 80E-mail: info@oen.alpsolutions.ch VAT number: CHE-411.776.584 Managing Director: Mr. Patrick Marti Contact: Mr. Patrick Marti GTCLink: https:\/\/inl-re.com\/agb Universal arbitration board We participate in dispute resolution proceedings before a consumer arbitration board. The competent body is the Universalschlichtungsstelle [&hellip;]<\/p>\n","protected":false},"author":4,"featured_media":0,"parent":0,"menu_order":0,"comment_status":"closed","ping_status":"closed","template":"elementor_header_footer","meta":{"_acf_changed":false,"footnotes":""},"class_list":["post-1779","page","type-page","status-publish","hentry"],"acf":[],"yoast_head":"<!-- This site is optimized with the Yoast SEO plugin v24.0 - https:\/\/yoast.com\/wordpress\/plugins\/seo\/ -->\n<title>Alp Solutions | Swiss online marketing directly from Oensingen<\/title>\n<meta name=\"description\" content=\"Alp Solutions supports SMEs in online marketing through targeted marketing, creative content and professional advice.\" \/>\n<meta name=\"robots\" content=\"index, follow, max-snippet:-1, max-image-preview:large, max-video-preview:-1\" \/>\n<link rel=\"canonical\" href=\"https:\/\/inl-re.com\/en\/imprint\/\" \/>\n<meta property=\"og:locale\" content=\"en_US\" \/>\n<meta property=\"og:type\" content=\"article\" \/>\n<meta property=\"og:title\" content=\"Alp Solutions | Swiss online marketing directly from Oensingen\" \/>\n<meta property=\"og:description\" content=\"Alp Solutions supports SMEs in online marketing through targeted marketing, creative content and professional advice.\" \/>\n<meta property=\"og:url\" content=\"https:\/\/inl-re.com\/en\/imprint\/\" \/>\n<meta property=\"og:site_name\" content=\"Alp Solutions\" \/>\n<meta property=\"article:modified_time\" content=\"2024-06-28T11:13:07+00:00\" \/>\n<meta name=\"twitter:card\" content=\"summary_large_image\" \/>\n<meta name=\"twitter:label1\" content=\"Est. reading time\" \/>\n\t<meta name=\"twitter:data1\" content=\"3 minutes\" \/>\n<script type=\"application\/ld+json\" class=\"yoast-schema-graph\">{\"@context\":\"https:\/\/schema.org\",\"@graph\":[{\"@type\":\"WebPage\",\"@id\":\"https:\/\/inl-re.com\/en\/imprint\/\",\"url\":\"https:\/\/inl-re.com\/en\/imprint\/\",\"name\":\"Alp Solutions | Swiss online marketing directly from Oensingen\",\"isPartOf\":{\"@id\":\"https:\/\/inl-re.com\/en\/#website\"},\"datePublished\":\"2024-05-06T14:46:35+00:00\",\"dateModified\":\"2024-06-28T11:13:07+00:00\",\"description\":\"Alp Solutions supports SMEs in online marketing through targeted marketing, creative content and professional advice.\",\"breadcrumb\":{\"@id\":\"https:\/\/inl-re.com\/en\/imprint\/#breadcrumb\"},\"inLanguage\":\"en-US\",\"potentialAction\":[{\"@type\":\"ReadAction\",\"target\":[\"https:\/\/inl-re.com\/en\/imprint\/\"]}]},{\"@type\":\"BreadcrumbList\",\"@id\":\"https:\/\/inl-re.com\/en\/imprint\/#breadcrumb\",\"itemListElement\":[{\"@type\":\"ListItem\",\"position\":1,\"name\":\"Startseite\",\"item\":\"https:\/\/inl-re.com\/en\/\"},{\"@type\":\"ListItem\",\"position\":2,\"name\":\"Imprint\"}]},{\"@type\":\"WebSite\",\"@id\":\"https:\/\/inl-re.com\/en\/#website\",\"url\":\"https:\/\/inl-re.com\/en\/\",\"name\":\"Alp Solutions\",\"description\":\"\",\"publisher\":{\"@id\":\"https:\/\/inl-re.com\/en\/#organization\"},\"potentialAction\":[{\"@type\":\"SearchAction\",\"target\":{\"@type\":\"EntryPoint\",\"urlTemplate\":\"https:\/\/inl-re.com\/en\/?s={search_term_string}\"},\"query-input\":{\"@type\":\"PropertyValueSpecification\",\"valueRequired\":true,\"valueName\":\"search_term_string\"}}],\"inLanguage\":\"en-US\"},{\"@type\":\"Organization\",\"@id\":\"https:\/\/inl-re.com\/en\/#organization\",\"name\":\"Alp Solutions\",\"url\":\"https:\/\/inl-re.com\/en\/\",\"logo\":{\"@type\":\"ImageObject\",\"inLanguage\":\"en-US\",\"@id\":\"https:\/\/inl-re.com\/en\/#\/schema\/logo\/image\/\",\"url\":\"https:\/\/inl-re.com\/wp-content\/uploads\/logo_white.svg\",\"contentUrl\":\"https:\/\/inl-re.com\/wp-content\/uploads\/logo_white.svg\",\"width\":954,\"height\":326,\"caption\":\"Alp Solutions\"},\"image\":{\"@id\":\"https:\/\/inl-re.com\/en\/#\/schema\/logo\/image\/\"},\"sameAs\":[\"https:\/\/www.instagram.com\/alpsolutions_gmbh\/\",\"https:\/\/www.linkedin.com\/company\/alp-solutions-gmbh\/\"]}]}<\/script>\n<!-- \/ Yoast SEO plugin. -->","yoast_head_json":{"title":"Alp Solutions | Swiss online marketing directly from Oensingen","description":"Alp Solutions supports SMEs in online marketing through targeted marketing, creative content and professional advice.","robots":{"index":"index","follow":"follow","max-snippet":"max-snippet:-1","max-image-preview":"max-image-preview:large","max-video-preview":"max-video-preview:-1"},"canonical":"https:\/\/inl-re.com\/en\/imprint\/","og_locale":"en_US","og_type":"article","og_title":"Alp Solutions | Swiss online marketing directly from Oensingen","og_description":"Alp Solutions supports SMEs in online marketing through targeted marketing, creative content and professional advice.","og_url":"https:\/\/inl-re.com\/en\/imprint\/","og_site_name":"Alp Solutions","article_modified_time":"2024-06-28T11:13:07+00:00","twitter_card":"summary_large_image","twitter_misc":{"Est. reading time":"3 minutes"},"schema":{"@context":"https:\/\/schema.org","@graph":[{"@type":"WebPage","@id":"https:\/\/inl-re.com\/en\/imprint\/","url":"https:\/\/inl-re.com\/en\/imprint\/","name":"Alp Solutions | Swiss online marketing directly from Oensingen","isPartOf":{"@id":"https:\/\/inl-re.com\/en\/#website"},"datePublished":"2024-05-06T14:46:35+00:00","dateModified":"2024-06-28T11:13:07+00:00","description":"Alp Solutions supports SMEs in online marketing through targeted marketing, creative content and professional advice.","breadcrumb":{"@id":"https:\/\/inl-re.com\/en\/imprint\/#breadcrumb"},"inLanguage":"en-US","potentialAction":[{"@type":"ReadAction","target":["https:\/\/inl-re.com\/en\/imprint\/"]}]},{"@type":"BreadcrumbList","@id":"https:\/\/inl-re.com\/en\/imprint\/#breadcrumb","itemListElement":[{"@type":"ListItem","position":1,"name":"Startseite","item":"https:\/\/inl-re.com\/en\/"},{"@type":"ListItem","position":2,"name":"Imprint"}]},{"@type":"WebSite","@id":"https:\/\/inl-re.com\/en\/#website","url":"https:\/\/inl-re.com\/en\/","name":"Alp Solutions","description":"","publisher":{"@id":"https:\/\/inl-re.com\/en\/#organization"},"potentialAction":[{"@type":"SearchAction","target":{"@type":"EntryPoint","urlTemplate":"https:\/\/inl-re.com\/en\/?s={search_term_string}"},"query-input":{"@type":"PropertyValueSpecification","valueRequired":true,"valueName":"search_term_string"}}],"inLanguage":"en-US"},{"@type":"Organization","@id":"https:\/\/inl-re.com\/en\/#organization","name":"Alp Solutions","url":"https:\/\/inl-re.com\/en\/","logo":{"@type":"ImageObject","inLanguage":"en-US","@id":"https:\/\/inl-re.com\/en\/#\/schema\/logo\/image\/","url":"https:\/\/inl-re.com\/wp-content\/uploads\/logo_white.svg","contentUrl":"https:\/\/inl-re.com\/wp-content\/uploads\/logo_white.svg","width":954,"height":326,"caption":"Alp Solutions"},"image":{"@id":"https:\/\/inl-re.com\/en\/#\/schema\/logo\/image\/"},"sameAs":["https:\/\/www.instagram.com\/alpsolutions_gmbh\/","https:\/\/www.linkedin.com\/company\/alp-solutions-gmbh\/"]}]}},"_links":{"self":[{"href":"https:\/\/inl-re.com\/en\/wp-json\/wp\/v2\/pages\/1779","targetHints":{"allow":["GET"]}}],"collection":[{"href":"https:\/\/inl-re.com\/en\/wp-json\/wp\/v2\/pages"}],"about":[{"href":"https:\/\/inl-re.com\/en\/wp-json\/wp\/v2\/types\/page"}],"author":[{"embeddable":true,"href":"https:\/\/inl-re.com\/en\/wp-json\/wp\/v2\/users\/4"}],"replies":[{"embeddable":true,"href":"https:\/\/inl-re.com\/en\/wp-json\/wp\/v2\/comments?post=1779"}],"version-history":[{"count":2,"href":"https:\/\/inl-re.com\/en\/wp-json\/wp\/v2\/pages\/1779\/revisions"}],"predecessor-version":[{"id":2051,"href":"https:\/\/inl-re.com\/en\/wp-json\/wp\/v2\/pages\/1779\/revisions\/2051"}],"wp:attachment":[{"href":"https:\/\/inl-re.com\/en\/wp-json\/wp\/v2\/media?parent=1779"}],"curies":[{"name":"wp","href":"https:\/\/api.w.org\/{rel}","templated":true}]}}